{"id":137428,"date":"2024-10-04T00:10:44","date_gmt":"2024-10-03T22:10:44","guid":{"rendered":"https:\/\/staging.master.it\/prodotto\/14713-fr\/"},"modified":"2025-08-12T00:03:18","modified_gmt":"2025-08-11T22:03:18","slug":"14713-fr","status":"publish","type":"product","link":"https:\/\/staging.master.it\/fr\/prodotto\/14713-fr\/","title":{"rendered":"Bouton pour Zoe avec fl\u00e8ches Blackboard"},"content":{"rendered":"<p>Bouton double 230 V pour cartes Z-Wave Zoe\/Zula avec r\u00e9tro\u00e9clairage LED bleu (aliment\u00e9 en 230 V CC) avec symbole de fl\u00e8che haut\/bas g\u00e9n\u00e9ral, 1 module, PIXIA noir Blackboard<\/p>\n","protected":false},"excerpt":{"rendered":"<p>Bouton double 230 V pour cartes Z-Wave Zoe\/Zula avec r\u00e9tro\u00e9clairage LED bleu (aliment\u00e9 en 230 V CC) avec symbole de fl\u00e8che haut\/bas g\u00e9n\u00e9ral, 1 module, PIXIA noir Blackboard<\/p>\n","protected":false},"featured_media":0,"template":"","meta":{"_acf_changed":false},"product_brand":[],"product_cat":[22732,22951],"product_tag":[18984,22911,22903],"class_list":{"0":"post-137428","1":"product","2":"type-product","3":"status-publish","5":"product_cat-q4h-appareils-una-automation-fr","6":"product_cat-haq4-q4h-appareils-pixia-noir-una-fr","7":"product_tag-45-composants-una-pour-s-rie-civile-fr","8":"product_tag-48-led-fr","9":"product_tag-47-serie-civil-modular-pixia-fr","10":"description-off","12":"first","13":"instock","14":"shipping-taxable","15":"product-type-simple"},"acf":[],"jetpack_sharing_enabled":true,"_links":{"self":[{"href":"https:\/\/staging.master.it\/fr\/wp-json\/wp\/v2\/product\/137428","targetHints":{"allow":["GET"]}}],"collection":[{"href":"https:\/\/staging.master.it\/fr\/wp-json\/wp\/v2\/product"}],"about":[{"href":"https:\/\/staging.master.it\/fr\/wp-json\/wp\/v2\/types\/product"}],"wp:attachment":[{"href":"https:\/\/staging.master.it\/fr\/wp-json\/wp\/v2\/media?parent=137428"}],"wp:term":[{"taxonomy":"product_brand","embeddable":true,"href":"https:\/\/staging.master.it\/fr\/wp-json\/wp\/v2\/product_brand?post=137428"},{"taxonomy":"product_cat","embeddable":true,"href":"https:\/\/staging.master.it\/fr\/wp-json\/wp\/v2\/product_cat?post=137428"},{"taxonomy":"product_tag","embeddable":true,"href":"https:\/\/staging.master.it\/fr\/wp-json\/wp\/v2\/product_tag?post=137428"}],"curies":[{"name":"wp","href":"https:\/\/api.w.org\/{rel}","templated":true}]}}