{"id":136349,"date":"2024-06-08T00:14:40","date_gmt":"2024-06-07T22:14:40","guid":{"rendered":"https:\/\/staging.master.it\/prodotto\/14702-fr\/"},"modified":"2025-08-12T00:07:38","modified_gmt":"2025-08-11T22:07:38","slug":"14702-fr","status":"publish","type":"product","link":"https:\/\/staging.master.it\/fr\/prodotto\/14702-fr\/","title":{"rendered":"Bouton-poussoir double avec fl\u00e8che"},"content":{"rendered":"<p>Bouton poussoir double 5\/24V 10mA avec r\u00e9tro\u00e9clairage LED bleu (aliment\u00e9 en 12V DC) avec symbole de fl\u00e8che haut\/bas, 1 module PIXIA noir Blackboard<\/p>\n","protected":false},"excerpt":{"rendered":"<p>Bouton poussoir double 5\/24V 10mA avec r\u00e9tro\u00e9clairage LED bleu (aliment\u00e9 en 12V DC) avec symbole de fl\u00e8che haut\/bas, 1 module PIXIA noir Blackboard<\/p>\n","protected":false},"featured_media":0,"template":"","meta":{"_acf_changed":false},"product_brand":[],"product_cat":[22732,22951],"product_tag":[18984,22911,22903],"class_list":{"0":"post-136349","1":"product","2":"type-product","3":"status-publish","5":"product_cat-q4h-appareils-una-automation-fr","6":"product_cat-haq4-q4h-appareils-pixia-noir-una-fr","7":"product_tag-45-composants-una-pour-s-rie-civile-fr","8":"product_tag-48-led-fr","9":"product_tag-47-serie-civil-modular-pixia-fr","10":"description-off","12":"first","13":"instock","14":"shipping-taxable","15":"product-type-simple"},"acf":[],"jetpack_sharing_enabled":true,"_links":{"self":[{"href":"https:\/\/staging.master.it\/fr\/wp-json\/wp\/v2\/product\/136349","targetHints":{"allow":["GET"]}}],"collection":[{"href":"https:\/\/staging.master.it\/fr\/wp-json\/wp\/v2\/product"}],"about":[{"href":"https:\/\/staging.master.it\/fr\/wp-json\/wp\/v2\/types\/product"}],"wp:attachment":[{"href":"https:\/\/staging.master.it\/fr\/wp-json\/wp\/v2\/media?parent=136349"}],"wp:term":[{"taxonomy":"product_brand","embeddable":true,"href":"https:\/\/staging.master.it\/fr\/wp-json\/wp\/v2\/product_brand?post=136349"},{"taxonomy":"product_cat","embeddable":true,"href":"https:\/\/staging.master.it\/fr\/wp-json\/wp\/v2\/product_cat?post=136349"},{"taxonomy":"product_tag","embeddable":true,"href":"https:\/\/staging.master.it\/fr\/wp-json\/wp\/v2\/product_tag?post=136349"}],"curies":[{"name":"wp","href":"https:\/\/api.w.org\/{rel}","templated":true}]}}