{"id":136121,"date":"2024-06-08T00:11:28","date_gmt":"2024-06-07T22:11:28","guid":{"rendered":"https:\/\/staging.master.it\/prodotto\/11722-fr\/"},"modified":"2025-08-12T00:01:44","modified_gmt":"2025-08-11T22:01:44","slug":"11722-fr","status":"publish","type":"product","link":"https:\/\/staging.master.it\/fr\/prodotto\/11722-fr\/","title":{"rendered":"Contr\u00f4le d&rsquo;acc\u00e8s NFC DIFRA2, 2m. Blanc"},"content":{"rendered":"<p>Dispositif de gestion d&rsquo;acc\u00e8s DIFRA2 avec technologie NFC, alimentation 12V DC, connexion BUS RS485, 2 entr\u00e9es, 1 sortie NO 5A 250V~. 2 modules, PIXIA blanc SNOW WHITE. DIFRA2 fonctionne uniquement avec les cartes NFC (HA02221)<\/p>\n","protected":false},"excerpt":{"rendered":"<p>Dispositif de gestion d&rsquo;acc\u00e8s DIFRA2 avec technologie NFC, alimentation 12V DC, connexion BUS RS485, 2 entr\u00e9es, 1 sortie NO 5A 250V~. 2 modules, PIXIA blanc SNOW WHITE. DIFRA2 fonctionne uniquement avec les cartes NFC (HA02221)<\/p>\n","protected":false},"featured_media":0,"template":"","meta":{"_acf_changed":false},"product_brand":[],"product_cat":[22796,22943],"product_tag":[18984,18860,22903],"class_list":{"0":"post-136121","1":"product","2":"type-product","3":"status-publish","5":"product_cat-q1h-appareils-una-automation-fr","6":"product_cat-haq1-q1h-appareils-pixia-blanc-una-fr","7":"product_tag-45-composants-una-pour-s-rie-civile-fr","8":"product_tag-7-contr-le-d-acc-s-fr","9":"product_tag-47-serie-civil-modular-pixia-fr","10":"description-off","12":"first","13":"instock","14":"shipping-taxable","15":"product-type-simple"},"acf":[],"jetpack_sharing_enabled":true,"_links":{"self":[{"href":"https:\/\/staging.master.it\/fr\/wp-json\/wp\/v2\/product\/136121","targetHints":{"allow":["GET"]}}],"collection":[{"href":"https:\/\/staging.master.it\/fr\/wp-json\/wp\/v2\/product"}],"about":[{"href":"https:\/\/staging.master.it\/fr\/wp-json\/wp\/v2\/types\/product"}],"wp:attachment":[{"href":"https:\/\/staging.master.it\/fr\/wp-json\/wp\/v2\/media?parent=136121"}],"wp:term":[{"taxonomy":"product_brand","embeddable":true,"href":"https:\/\/staging.master.it\/fr\/wp-json\/wp\/v2\/product_brand?post=136121"},{"taxonomy":"product_cat","embeddable":true,"href":"https:\/\/staging.master.it\/fr\/wp-json\/wp\/v2\/product_cat?post=136121"},{"taxonomy":"product_tag","embeddable":true,"href":"https:\/\/staging.master.it\/fr\/wp-json\/wp\/v2\/product_tag?post=136121"}],"curies":[{"name":"wp","href":"https:\/\/api.w.org\/{rel}","templated":true}]}}