{"id":136117,"date":"2024-06-08T00:11:26","date_gmt":"2024-06-07T22:11:26","guid":{"rendered":"https:\/\/staging.master.it\/prodotto\/14733-fr\/"},"modified":"2025-08-12T00:03:31","modified_gmt":"2025-08-11T22:03:31","slug":"14733-fr","status":"publish","type":"product","link":"https:\/\/staging.master.it\/fr\/prodotto\/14733-fr\/","title":{"rendered":"Commutateur \u00e0 carte NFC, 3mod."},"content":{"rendered":"<p>Ins\u00e9reuse de badges TASHA avec technologie NFC, alimentation 12 V CC, connexion BUS RS485, 2 entr\u00e9es, 1 sortie NO 5 A 250 V~. Incluant support PIXIA 3 modules, couleur noir Blackboard, \u00e0 compl\u00e9ter avec plaque PIXIA 3 modules. TASHA fonctionne uniquement avec les cartes NFC (HA02221)<\/p>\n","protected":false},"excerpt":{"rendered":"<p>Ins\u00e9reuse de badges TASHA avec technologie NFC, alimentation 12 V CC, connexion BUS RS485, 2 entr\u00e9es, 1 sortie NO 5 A 250 V~. Incluant support PIXIA 3 modules, couleur noir Blackboard, \u00e0 compl\u00e9ter avec plaque PIXIA 3 modules. TASHA fonctionne uniquement avec les cartes NFC (HA02221)<\/p>\n","protected":false},"featured_media":0,"template":"","meta":{"_acf_changed":false},"product_brand":[],"product_cat":[22732,22951],"product_tag":[18984,18860,22903],"class_list":{"0":"post-136117","1":"product","2":"type-product","3":"status-publish","5":"product_cat-q4h-appareils-una-automation-fr","6":"product_cat-haq4-q4h-appareils-pixia-noir-una-fr","7":"product_tag-45-composants-una-pour-s-rie-civile-fr","8":"product_tag-7-contr-le-d-acc-s-fr","9":"product_tag-47-serie-civil-modular-pixia-fr","10":"description-off","12":"first","13":"instock","14":"shipping-taxable","15":"product-type-simple"},"acf":[],"jetpack_sharing_enabled":true,"_links":{"self":[{"href":"https:\/\/staging.master.it\/fr\/wp-json\/wp\/v2\/product\/136117","targetHints":{"allow":["GET"]}}],"collection":[{"href":"https:\/\/staging.master.it\/fr\/wp-json\/wp\/v2\/product"}],"about":[{"href":"https:\/\/staging.master.it\/fr\/wp-json\/wp\/v2\/types\/product"}],"wp:attachment":[{"href":"https:\/\/staging.master.it\/fr\/wp-json\/wp\/v2\/media?parent=136117"}],"wp:term":[{"taxonomy":"product_brand","embeddable":true,"href":"https:\/\/staging.master.it\/fr\/wp-json\/wp\/v2\/product_brand?post=136117"},{"taxonomy":"product_cat","embeddable":true,"href":"https:\/\/staging.master.it\/fr\/wp-json\/wp\/v2\/product_cat?post=136117"},{"taxonomy":"product_tag","embeddable":true,"href":"https:\/\/staging.master.it\/fr\/wp-json\/wp\/v2\/product_tag?post=136117"}],"curies":[{"name":"wp","href":"https:\/\/api.w.org\/{rel}","templated":true}]}}