{"id":131675,"date":"2023-02-07T11:30:27","date_gmt":"2023-02-07T10:30:27","guid":{"rendered":"https:\/\/staging.master.it\/prodotto\/hkitz520h-fr\/"},"modified":"2025-08-12T00:05:39","modified_gmt":"2025-08-11T22:05:39","slug":"hkitz520h-fr","status":"publish","type":"product","link":"https:\/\/staging.master.it\/fr\/prodotto\/hkitz520h-fr\/","title":{"rendered":"Kit Z-Wave 2 volets+10 lignes ON\/OFF"},"content":{"rendered":"<p>Kit Z-Wave+ Zoe 5+2 avec Vesta2-ZW, 5 ZoePower pour un total de 10 lignes d&rsquo;actionnement ON\/OFF (automatismes, prises, luminaires) et 2 ZoeShutters pour un total de 2 volets roulants (haut\/bas). Fr\u00e9quence 921.4MHz (Australie, Nouvelle-Z\u00e9lande, R\u00e9publique Dominicaine, Venezuela&#8230;). Contient une alimentation 12Vdc 2A et un coupon pour l&rsquo;activation gratuite des commandes vocales Google\/Alexa. Extensible \u00e0 tout moment avec les autres composants du syst\u00e8me UNA Automation, Z-Wave+ et BUS.<\/p>\n","protected":false},"excerpt":{"rendered":"<p>Kit Z-Wave+ Zoe 5+2 avec Vesta2-ZW, 5 ZoePower pour un total de 10 lignes d&rsquo;actionnement ON\/OFF (automatismes, prises, luminaires) et 2 ZoeShutters pour un total de 2 volets roulants (haut\/bas). Fr\u00e9quence 921.4MHz (Australie, Nouvelle-Z\u00e9lande, R\u00e9publique Dominicaine, Venezuela&#8230;). Contient une alimentation 12Vdc 2A et un coupon pour l&rsquo;activation gratuite des commandes vocales Google\/Alexa. Extensible \u00e0 tout&hellip;<\/p>\n","protected":false},"featured_media":0,"template":"","meta":{"_acf_changed":false},"product_brand":[],"product_cat":[20905],"product_tag":[18812,18816],"class_list":{"0":"post-131675","1":"product","2":"type-product","3":"status-publish","5":"product_cat-hsk-kit-pr-t-installer-fr","6":"product_tag-2-automatisation-de-la-maison-fr","7":"product_tag-3-maison-intelligente-fr","8":"description-off","10":"first","11":"instock","12":"shipping-taxable","13":"product-type-simple"},"acf":[],"jetpack_sharing_enabled":true,"_links":{"self":[{"href":"https:\/\/staging.master.it\/fr\/wp-json\/wp\/v2\/product\/131675","targetHints":{"allow":["GET"]}}],"collection":[{"href":"https:\/\/staging.master.it\/fr\/wp-json\/wp\/v2\/product"}],"about":[{"href":"https:\/\/staging.master.it\/fr\/wp-json\/wp\/v2\/types\/product"}],"wp:attachment":[{"href":"https:\/\/staging.master.it\/fr\/wp-json\/wp\/v2\/media?parent=131675"}],"wp:term":[{"taxonomy":"product_brand","embeddable":true,"href":"https:\/\/staging.master.it\/fr\/wp-json\/wp\/v2\/product_brand?post=131675"},{"taxonomy":"product_cat","embeddable":true,"href":"https:\/\/staging.master.it\/fr\/wp-json\/wp\/v2\/product_cat?post=131675"},{"taxonomy":"product_tag","embeddable":true,"href":"https:\/\/staging.master.it\/fr\/wp-json\/wp\/v2\/product_tag?post=131675"}],"curies":[{"name":"wp","href":"https:\/\/api.w.org\/{rel}","templated":true}]}}