{"id":131671,"date":"2023-02-07T11:30:24","date_gmt":"2023-02-07T10:30:24","guid":{"rendered":"https:\/\/staging.master.it\/prodotto\/hkitz527h-fr\/"},"modified":"2025-08-12T00:06:52","modified_gmt":"2025-08-11T22:06:52","slug":"hkitz527h-fr","status":"publish","type":"product","link":"https:\/\/staging.master.it\/fr\/prodotto\/hkitz527h-fr\/","title":{"rendered":"Kit Z-Wave 2 volets +10 lumi\u00e8res+Mim\u00ec 7"},"content":{"rendered":"<p>Kit Z-Wave+ Zoe 5+2 avec Vesta2-ZW, 5 ZoePower pour un total de 10 lignes d&rsquo;actionnement ON\/OFF (automatismes, prises, luminaires), 2 ZoeShutters pour un total de 2 volets roulants (haut\/bas) et \u00e9cran de contr\u00f4le tactile Mim\u00ec 7&Prime;. Fr\u00e9quence 921,4 MHz (Australie, Nouvelle-Z\u00e9lande, R\u00e9publique dominicaine, Venezuela&#8230;).Contient une alimentation 12Vdc 2A et un coupon pour l&rsquo;activation gratuite des commandes vocales Google\/Alexa.Extensible \u00e0 tout moment avec les autres composants du syst\u00e8me UNA Automation, les deux Z-Wave+ et BUS.<\/p>\n","protected":false},"excerpt":{"rendered":"<p>Kit Z-Wave+ Zoe 5+2 avec Vesta2-ZW, 5 ZoePower pour un total de 10 lignes d&rsquo;actionnement ON\/OFF (automatismes, prises, luminaires), 2 ZoeShutters pour un total de 2 volets roulants (haut\/bas) et \u00e9cran de contr\u00f4le tactile Mim\u00ec 7&Prime;. Fr\u00e9quence 921,4 MHz (Australie, Nouvelle-Z\u00e9lande, R\u00e9publique dominicaine, Venezuela&#8230;).Contient une alimentation 12Vdc 2A et un coupon pour l&rsquo;activation gratuite des&hellip;<\/p>\n","protected":false},"featured_media":0,"template":"","meta":{"_acf_changed":false},"product_brand":[],"product_cat":[20905],"product_tag":[18812,18816],"class_list":{"0":"post-131671","1":"product","2":"type-product","3":"status-publish","5":"product_cat-hsk-kit-pr-t-installer-fr","6":"product_tag-2-automatisation-de-la-maison-fr","7":"product_tag-3-maison-intelligente-fr","8":"description-off","10":"first","11":"instock","12":"shipping-taxable","13":"product-type-simple"},"acf":[],"jetpack_sharing_enabled":true,"_links":{"self":[{"href":"https:\/\/staging.master.it\/fr\/wp-json\/wp\/v2\/product\/131671","targetHints":{"allow":["GET"]}}],"collection":[{"href":"https:\/\/staging.master.it\/fr\/wp-json\/wp\/v2\/product"}],"about":[{"href":"https:\/\/staging.master.it\/fr\/wp-json\/wp\/v2\/types\/product"}],"wp:attachment":[{"href":"https:\/\/staging.master.it\/fr\/wp-json\/wp\/v2\/media?parent=131671"}],"wp:term":[{"taxonomy":"product_brand","embeddable":true,"href":"https:\/\/staging.master.it\/fr\/wp-json\/wp\/v2\/product_brand?post=131671"},{"taxonomy":"product_cat","embeddable":true,"href":"https:\/\/staging.master.it\/fr\/wp-json\/wp\/v2\/product_cat?post=131671"},{"taxonomy":"product_tag","embeddable":true,"href":"https:\/\/staging.master.it\/fr\/wp-json\/wp\/v2\/product_tag?post=131671"}],"curies":[{"name":"wp","href":"https:\/\/api.w.org\/{rel}","templated":true}]}}