{"id":123445,"date":"2023-01-18T17:20:22","date_gmt":"2023-01-18T16:20:22","guid":{"rendered":"https:\/\/staging.master.it\/?post_type=product&#038;p=123445"},"modified":"2023-12-31T02:25:08","modified_gmt":"2023-12-31T01:25:08","slug":"rts2050-fr","status":"publish","type":"product","link":"https:\/\/staging.master.it\/fr\/prodotto\/rts2050-fr\/","title":{"rendered":"Raccord bo\u00eete de d\u00e9rivation IP65, \u00d8 50mm"},"content":{"rendered":"","protected":false},"excerpt":{"rendered":"","protected":false},"featured_media":0,"template":"","meta":{"_acf_changed":false},"product_brand":[],"product_cat":[20789],"product_tag":[18916],"class_list":{"0":"post-123445","1":"product","2":"type-product","3":"status-publish","5":"product_cat-brr-courbes-t-s-raccords-fr","6":"product_tag-29-raccords-pour-installation-en-surface-fr","7":"description-off","9":"first","10":"instock","11":"shipping-taxable","12":"product-type-simple"},"acf":[],"jetpack_sharing_enabled":true,"_links":{"self":[{"href":"https:\/\/staging.master.it\/fr\/wp-json\/wp\/v2\/product\/123445","targetHints":{"allow":["GET"]}}],"collection":[{"href":"https:\/\/staging.master.it\/fr\/wp-json\/wp\/v2\/product"}],"about":[{"href":"https:\/\/staging.master.it\/fr\/wp-json\/wp\/v2\/types\/product"}],"wp:attachment":[{"href":"https:\/\/staging.master.it\/fr\/wp-json\/wp\/v2\/media?parent=123445"}],"wp:term":[{"taxonomy":"product_brand","embeddable":true,"href":"https:\/\/staging.master.it\/fr\/wp-json\/wp\/v2\/product_brand?post=123445"},{"taxonomy":"product_cat","embeddable":true,"href":"https:\/\/staging.master.it\/fr\/wp-json\/wp\/v2\/product_cat?post=123445"},{"taxonomy":"product_tag","embeddable":true,"href":"https:\/\/staging.master.it\/fr\/wp-json\/wp\/v2\/product_tag?post=123445"}],"curies":[{"name":"wp","href":"https:\/\/api.w.org\/{rel}","templated":true}]}}