{"id":103055,"date":"2022-04-22T16:39:58","date_gmt":"2022-04-22T14:39:58","guid":{"rendered":"https:\/\/staging.master.it\/lavora-con-noi\/"},"modified":"2023-01-09T16:57:14","modified_gmt":"2023-01-09T15:57:14","slug":"travailler-avec-nous","status":"publish","type":"page","link":"https:\/\/staging.master.it\/fr\/travailler-avec-nous\/","title":{"rendered":"Travailler avec nous"},"content":{"rendered":"\t\t<div data-elementor-type=\"wp-page\" data-elementor-id=\"103055\" class=\"elementor elementor-103055 elementor-1710\" data-elementor-post-type=\"page\">\n\t\t\t\t\t\t<section class=\"elementor-section elementor-top-section elementor-element elementor-element-f10a79c elementor-section-boxed elementor-section-height-default elementor-section-height-default\" data-id=\"f10a79c\" data-element_type=\"section\">\n\t\t\t\t\t\t<div class=\"elementor-container elementor-column-gap-default\">\n\t\t\t\t\t<div class=\"elementor-column elementor-col-100 elementor-top-column elementor-element elementor-element-490d573\" data-id=\"490d573\" data-element_type=\"column\">\n\t\t\t<div class=\"elementor-widget-wrap elementor-element-populated\">\n\t\t\t\t\t\t<div class=\"elementor-element elementor-element-8e34512 elementor-widget elementor-widget-text-editor\" data-id=\"8e34512\" data-element_type=\"widget\" data-widget_type=\"text-editor.default\">\n\t\t\t\t<div class=\"elementor-widget-container\">\n\t\t\t\t\t\t\t\t\t<p>Depuis toujours, les personnes qui travaillent avec nous repr\u00e9sentent un patrimoine d&rsquo;<strong>exp\u00e9riences<\/strong> et de <strong>comp\u00e9tences<\/strong> qui sont fondamentales pour la gestion et l&rsquo;\u00e9volution du groupe Master.<span style=\"color: var( --e-global-color-text ); font-weight: var( --e-global-typography-text-font-weight ); letter-spacing: var(--the7-base-letter-spacing); text-transform: var(--the7-base-text-transform); word-spacing: normal;\">\u00a0<\/span><\/p><p>Nous croyons fermement au travail d&rsquo;\u00e9quipe, o\u00f9 des personnes ayant des ant\u00e9c\u00e9dents professionnels, des mentalit\u00e9s et des points de vue diff\u00e9rents travaillent ensemble et mettent en commun leurs connaissances pour atteindre l&rsquo;objectif de l&rsquo;entreprise.<\/p><p>Si vous \u00eates \u00e0 la recherche d&rsquo;un stage ou d&rsquo;une opportunit\u00e9 d&#8217;emploi dans un environnement dynamique, stimulant et sur des projets int\u00e9ressants, vous pouvez envoyer votre candidature spontan\u00e9e ou vous renseigner sur les postes ouverts pour des sites en Italie et dans le reste du monde.<\/p>\t\t\t\t\t\t\t\t<\/div>\n\t\t\t\t<\/div>\n\t\t\t\t\t<\/div>\n\t\t<\/div>\n\t\t\t\t\t<\/div>\n\t\t<\/section>\n\t\t\t\t<section class=\"elementor-section elementor-top-section elementor-element elementor-element-f4c6a2a elementor-section-stretched elementor-section-full_width elementor-section-height-default elementor-section-height-default\" data-id=\"f4c6a2a\" data-element_type=\"section\" data-settings=\"{&quot;stretch_section&quot;:&quot;section-stretched&quot;,&quot;background_background&quot;:&quot;classic&quot;}\">\n\t\t\t\t\t\t<div class=\"elementor-container elementor-column-gap-default\">\n\t\t\t\t\t<div class=\"elementor-column elementor-col-100 elementor-top-column elementor-element elementor-element-9e115ea\" data-id=\"9e115ea\" data-element_type=\"column\" data-settings=\"{&quot;background_background&quot;:&quot;classic&quot;}\">\n\t\t\t<div class=\"elementor-widget-wrap elementor-element-populated\">\n\t\t\t\t\t\t<div class=\"elementor-element elementor-element-0d3ceb8 elementor-widget elementor-widget-spacer\" data-id=\"0d3ceb8\" data-element_type=\"widget\" data-widget_type=\"spacer.default\">\n\t\t\t\t<div class=\"elementor-widget-container\">\n\t\t\t\t\t\t\t<div class=\"elementor-spacer\">\n\t\t\t<div class=\"elementor-spacer-inner\"><\/div>\n\t\t<\/div>\n\t\t\t\t\t\t<\/div>\n\t\t\t\t<\/div>\n\t\t\t\t\t<\/div>\n\t\t<\/div>\n\t\t\t\t\t<\/div>\n\t\t<\/section>\n\t\t\t\t<section class=\"elementor-section elementor-top-section elementor-element elementor-element-edb22a0 elementor-section-stretched elementor-section-boxed elementor-section-height-default elementor-section-height-default\" data-id=\"edb22a0\" data-element_type=\"section\" data-settings=\"{&quot;stretch_section&quot;:&quot;section-stretched&quot;,&quot;background_background&quot;:&quot;classic&quot;}\">\n\t\t\t\t\t\t<div class=\"elementor-container elementor-column-gap-default\">\n\t\t\t\t\t<div class=\"elementor-column elementor-col-100 elementor-top-column elementor-element elementor-element-f6b0294\" data-id=\"f6b0294\" data-element_type=\"column\">\n\t\t\t<div class=\"elementor-widget-wrap elementor-element-populated\">\n\t\t\t\t\t\t<div class=\"elementor-element elementor-element-f1862e3 elementor-widget elementor-widget-text-editor\" data-id=\"f1862e3\" data-element_type=\"widget\" data-widget_type=\"text-editor.default\">\n\t\t\t\t<div class=\"elementor-widget-container\">\n\t\t\t\t\t\t\t\t\t<p>Candidature spontan\u00e9e<\/p>\t\t\t\t\t\t\t\t<\/div>\n\t\t\t\t<\/div>\n\t\t\t\t<div class=\"elementor-element elementor-element-06d5fbf elementor-widget-divider--view-line elementor-widget elementor-widget-divider\" data-id=\"06d5fbf\" data-element_type=\"widget\" data-widget_type=\"divider.default\">\n\t\t\t\t<div class=\"elementor-widget-container\">\n\t\t\t\t\t\t\t<div class=\"elementor-divider\">\n\t\t\t<span class=\"elementor-divider-separator\">\n\t\t\t\t\t\t<\/span>\n\t\t<\/div>\n\t\t\t\t\t\t<\/div>\n\t\t\t\t<\/div>\n\t\t\t\t<div class=\"elementor-element elementor-element-caac8b8 elementor-widget elementor-widget-text-editor\" data-id=\"caac8b8\" data-element_type=\"widget\" data-widget_type=\"text-editor.default\">\n\t\t\t\t<div class=\"elementor-widget-container\">\n\t\t\t\t\t\t\t\t\t<p class=\"p1\">Envoyez-nous votre CV pour les candidatures spontan\u00e9es ou pour les offres d&#8217;emploi et de stage que Master propose actuellement. Veuillez remplir tous les champs avec soin et joindre le fichier de votre CV.<\/p><p class=\"p1\">Nous \u00e9valuerons soigneusement votre candidature en vue de vous impliquer dans nos recherches de personnel.<\/p><p class=\"p1\">Vous ne serez contact\u00e9 qu&rsquo;en cas de r\u00e9el int\u00e9r\u00eat de la part de l&rsquo;entreprise<\/p>\t\t\t\t\t\t\t\t<\/div>\n\t\t\t\t<\/div>\n\t\t\t\t<div class=\"elementor-element elementor-element-771c8ad elementor-widget elementor-widget-shortcode\" data-id=\"771c8ad\" data-element_type=\"widget\" data-widget_type=\"shortcode.default\">\n\t\t\t\t<div class=\"elementor-widget-container\">\n\t\t\t\t\t\t\t<div class=\"elementor-shortcode\">\n<div class=\"wpcf7 no-js\" id=\"wpcf7-f104117-o1\" lang=\"it-IT\" dir=\"ltr\" data-wpcf7-id=\"104117\">\n<div class=\"screen-reader-response\"><p role=\"status\" aria-live=\"polite\" aria-atomic=\"true\"><\/p> <ul><\/ul><\/div>\n<form action=\"\/fr\/wp-json\/wp\/v2\/pages\/103055#wpcf7-f104117-o1\" method=\"post\" class=\"wpcf7-form init wpcf7-acceptance-as-validation\" aria-label=\"Modulo di contatto\" enctype=\"multipart\/form-data\" novalidate=\"novalidate\" data-status=\"init\">\n<fieldset class=\"hidden-fields-container\"><input type=\"hidden\" name=\"_wpcf7\" value=\"104117\" \/><input type=\"hidden\" name=\"_wpcf7_version\" value=\"6.1.2\" \/><input type=\"hidden\" name=\"_wpcf7_locale\" value=\"it_IT\" \/><input type=\"hidden\" name=\"_wpcf7_unit_tag\" value=\"wpcf7-f104117-o1\" \/><input type=\"hidden\" name=\"_wpcf7_container_post\" value=\"0\" \/><input type=\"hidden\" name=\"_wpcf7_posted_data_hash\" value=\"\" \/><input type=\"hidden\" name=\"_wpcf7_recaptcha_response\" value=\"\" \/>\n<\/fieldset>\n<div class=\"form-contatti\">\n\t<div class=\"column one-second\">\n\t\t<p>Pr\u00e9nom* <span class=\"wpcf7-form-control-wrap\" data-name=\"your-name\"><input size=\"40\" maxlength=\"400\" class=\"wpcf7-form-control wpcf7-text wpcf7-validates-as-required\" aria-required=\"true\" aria-invalid=\"false\" placeholder=\"Pr\u00e9nom*\" value=\"\" type=\"text\" name=\"your-name\" \/><\/span>\n\t\t<\/p>\n\t<\/div>\n\t<div class=\"column one-second\">\n\t\t<p>Nom* <span class=\"wpcf7-form-control-wrap\" data-name=\"your-surname\"><input size=\"40\" maxlength=\"400\" class=\"wpcf7-form-control wpcf7-text wpcf7-validates-as-required\" aria-required=\"true\" aria-invalid=\"false\" placeholder=\"Nom*\" value=\"\" type=\"text\" name=\"your-surname\" \/><\/span>\n\t\t<\/p>\n\t<\/div>\n\t<div class=\"column one-second\">\n\t\t<p>T\u00e9l\u00e9phoner* <span class=\"wpcf7-form-control-wrap\" data-name=\"your-phone\"><input size=\"40\" maxlength=\"400\" class=\"wpcf7-form-control wpcf7-text wpcf7-validates-as-required\" aria-required=\"true\" aria-invalid=\"false\" placeholder=\"T\u00e9l\u00e9phoner*\" value=\"\" type=\"text\" name=\"your-phone\" \/><\/span>\n\t\t<\/p>\n\t<\/div>\n\t<div class=\"column one-second\">\n\t\t<p>E-mail* <span class=\"wpcf7-form-control-wrap\" data-name=\"your-email\"><input size=\"40\" maxlength=\"400\" class=\"wpcf7-form-control wpcf7-email wpcf7-validates-as-required wpcf7-text wpcf7-validates-as-email\" aria-required=\"true\" aria-invalid=\"false\" placeholder=\"E-mail*\" value=\"\" type=\"email\" name=\"your-email\" \/><\/span>\n\t\t<\/p>\n\t<\/div>\n\t<p>Joignez votre CV (taille du fichier: maximum 2 Mo)<br \/>\n<span class=\"wpcf7-form-control-wrap\" data-name=\"file-594\"><input size=\"40\" class=\"wpcf7-form-control wpcf7-file\" accept=\".jpg,.png,.pdf,.doc,.docx,.ppt,.pptx\" aria-invalid=\"false\" type=\"file\" name=\"file-594\" \/><\/span>\n\t<\/p>\n\t<div class=\"column one\">\n\t\t<p>Lettre de motivation* <span class=\"wpcf7-form-control-wrap\" data-name=\"your-message\"><textarea cols=\"40\" rows=\"10\" maxlength=\"2000\" class=\"wpcf7-form-control wpcf7-textarea wpcf7-validates-as-required\" aria-required=\"true\" aria-invalid=\"false\" name=\"your-message\"><\/textarea><\/span>\n\t\t<\/p>\n\t<\/div>\n\t<p><span class=\"wpcf7-form-control-wrap\" data-name=\"privacy-policy\"><span class=\"wpcf7-form-control wpcf7-acceptance\"><span class=\"wpcf7-list-item\"><label><input type=\"checkbox\" name=\"privacy-policy\" value=\"1\" class=\"contact-form__checkbox\" aria-invalid=\"false\" \/><span class=\"wpcf7-list-item-label\">J\u2019ai lu et j\u2019accepte<a style=\"text-decoration: underline;\" href=\"\/fr\/privacy-policy\/\" target='_blank'>les termes<\/a> et conditions concernant le traitement des donn\u00e9es personnelles conform\u00e9ment au r\u00e8glement UE 2016\/679 artt. 13 et 14. (*)<\/span><\/label><\/span><\/span><\/span><br \/>\n<span class=\"wpcf7-form-control-wrap\" data-name=\"newsletter\"><span class=\"wpcf7-form-control wpcf7-checkbox contact-form__checkbox\"><span class=\"wpcf7-list-item first last\"><label><input type=\"checkbox\" name=\"newsletter[]\" value=\"Je vous autorise \u00e0 m\u2019envoyer via email des informations li\u00e9es \u00e0 nos services\/produits\/\u00e9v\u00e8nements et promotions qui pourraient m\u2019int\u00e9resser.\n          L\u2019autorisation au traitement des donn\u00e9es n\u2019est pas obligatoire, mais tu risque perdre des informations int\u00e9ressantes.\" \/><span class=\"wpcf7-list-item-label\">Je vous autorise \u00e0 m\u2019envoyer via email des informations li\u00e9es \u00e0 nos services\/produits\/\u00e9v\u00e8nements et promotions qui pourraient m\u2019int\u00e9resser.\n          L\u2019autorisation au traitement des donn\u00e9es n\u2019est pas obligatoire, mais tu risque perdre des informations int\u00e9ressantes.<\/span><\/label><\/span><\/span><\/span>\n\t<\/p>\n\t<div class=\"contact-form__submit-container\">\n\t\t<p><button type=\"submit\" class=\"wpcf7-form-control wpcf7-submit contact-form__submit\"> Soumettre <\/button>\n\t\t<\/p>\n\t<\/div>\n\t<div>\n\t<\/div>\n<\/div><div class=\"wpcf7-response-output\" aria-hidden=\"true\"><\/div>\n<\/form>\n<\/div>\n<\/div>\n\t\t\t\t\t\t<\/div>\n\t\t\t\t<\/div>\n\t\t\t\t\t<\/div>\n\t\t<\/div>\n\t\t\t\t\t<\/div>\n\t\t<\/section>\n\t\t\t\t<\/div>\n\t\t","protected":false},"excerpt":{"rendered":"<p>Depuis toujours, les personnes qui travaillent avec nous repr\u00e9sentent un patrimoine d&rsquo;exp\u00e9riences et de comp\u00e9tences qui sont fondamentales pour la gestion et l&rsquo;\u00e9volution du groupe Master. Nous croyons fermement au travail d&rsquo;\u00e9quipe, o\u00f9 des personnes ayant des ant\u00e9c\u00e9dents professionnels, des mentalit\u00e9s et des points de vue diff\u00e9rents travaillent ensemble et mettent en commun leurs connaissances&hellip;<\/p>\n","protected":false},"author":1,"featured_media":0,"parent":0,"menu_order":0,"comment_status":"closed","ping_status":"closed","template":"","meta":{"_acf_changed":false,"footnotes":""},"class_list":["post-103055","page","type-page","status-publish","hentry"],"acf":[],"jetpack_sharing_enabled":true,"_links":{"self":[{"href":"https:\/\/staging.master.it\/fr\/wp-json\/wp\/v2\/pages\/103055","targetHints":{"allow":["GET"]}}],"collection":[{"href":"https:\/\/staging.master.it\/fr\/wp-json\/wp\/v2\/pages"}],"about":[{"href":"https:\/\/staging.master.it\/fr\/wp-json\/wp\/v2\/types\/page"}],"author":[{"embeddable":true,"href":"https:\/\/staging.master.it\/fr\/wp-json\/wp\/v2\/users\/1"}],"replies":[{"embeddable":true,"href":"https:\/\/staging.master.it\/fr\/wp-json\/wp\/v2\/comments?post=103055"}],"version-history":[{"count":11,"href":"https:\/\/staging.master.it\/fr\/wp-json\/wp\/v2\/pages\/103055\/revisions"}],"predecessor-version":[{"id":131368,"href":"https:\/\/staging.master.it\/fr\/wp-json\/wp\/v2\/pages\/103055\/revisions\/131368"}],"wp:attachment":[{"href":"https:\/\/staging.master.it\/fr\/wp-json\/wp\/v2\/media?parent=103055"}],"curies":[{"name":"wp","href":"https:\/\/api.w.org\/{rel}","templated":true}]}}