{"id":137746,"date":"2024-10-11T00:12:46","date_gmt":"2024-10-10T22:12:46","guid":{"rendered":"https:\/\/staging.master.it\/prodotto\/as14212ac-es\/"},"modified":"2025-08-12T00:00:31","modified_gmt":"2025-08-11T22:00:31","slug":"as14212ac-es","status":"publish","type":"product","link":"https:\/\/staging.master.it\/es\/prodotto\/as14212ac-es\/","title":{"rendered":"PIXIA Toma USB A+C 100\/240Vac BLACK"},"content":{"rendered":"<p>Fuente de alimentaci\u00f3n para dispositivos electr\u00f3nicos de carga r\u00e1pida USB con una toma tipo A (5 V 3 A &#8211; 9 V 2 A &#8211; 12 V 1,5 A) y una toma tipo C (5 V 3 A &#8211; 9 V 2,22 A &#8211; 12 V 1,67 A) m\u00e1x. 20 W (A+C: 5 V 3 A), alimentaci\u00f3n 100-240 V~ 50\/60 Hz, 1 m\u00f3dulo PIXIA color negro Blackboard. Envasado individual en flow-pack.<\/p>\n","protected":false},"excerpt":{"rendered":"<p>Fuente de alimentaci\u00f3n para dispositivos electr\u00f3nicos de carga r\u00e1pida USB con una toma tipo A (5 V 3 A &#8211; 9 V 2 A &#8211; 12 V 1,5 A) y una toma tipo C (5 V 3 A &#8211; 9 V 2,22 A &#8211; 12 V 1,67 A) m\u00e1x. 20 W (A+C: 5 V 3&hellip;<\/p>\n","protected":false},"featured_media":0,"template":"","meta":{"_acf_changed":false},"product_brand":[],"product_cat":[22888],"product_tag":[18989,22904],"class_list":{"0":"post-137746","1":"product","2":"type-product","3":"status-publish","5":"product_cat-tuq-flow-pack-pixia-es","6":"product_tag-46-fuente-de-alimentaci-n-usb-es","7":"product_tag-47-s-rie-civile-modulaire-pixia-es","8":"description-off","10":"first","11":"instock","12":"shipping-taxable","13":"product-type-simple"},"acf":[],"jetpack_sharing_enabled":true,"_links":{"self":[{"href":"https:\/\/staging.master.it\/es\/wp-json\/wp\/v2\/product\/137746","targetHints":{"allow":["GET"]}}],"collection":[{"href":"https:\/\/staging.master.it\/es\/wp-json\/wp\/v2\/product"}],"about":[{"href":"https:\/\/staging.master.it\/es\/wp-json\/wp\/v2\/types\/product"}],"wp:attachment":[{"href":"https:\/\/staging.master.it\/es\/wp-json\/wp\/v2\/media?parent=137746"}],"wp:term":[{"taxonomy":"product_brand","embeddable":true,"href":"https:\/\/staging.master.it\/es\/wp-json\/wp\/v2\/product_brand?post=137746"},{"taxonomy":"product_cat","embeddable":true,"href":"https:\/\/staging.master.it\/es\/wp-json\/wp\/v2\/product_cat?post=137746"},{"taxonomy":"product_tag","embeddable":true,"href":"https:\/\/staging.master.it\/es\/wp-json\/wp\/v2\/product_tag?post=137746"}],"curies":[{"name":"wp","href":"https:\/\/api.w.org\/{rel}","templated":true}]}}