{"id":136118,"date":"2024-06-08T00:11:26","date_gmt":"2024-06-07T22:11:26","guid":{"rendered":"https:\/\/staging.master.it\/prodotto\/14733-es\/"},"modified":"2025-08-12T00:03:31","modified_gmt":"2025-08-11T22:03:31","slug":"14733-es","status":"publish","type":"product","link":"https:\/\/staging.master.it\/es\/prodotto\/14733-es\/","title":{"rendered":"PIXIA Conmutador de tarjeta NFC BLACK"},"content":{"rendered":"<p>Insertador de credenciales TASHA con tecnolog\u00eda NFC, alimentaci\u00f3n 12V DC, conexi\u00f3n BUS RS485, 2 entradas, 1 salida NO 5A 250V~. Incluye soporte PIXIA de 3 m\u00f3dulos, PIXIA color negro Blackboard, para completar con placa PIXIA de 3 m\u00f3dulos. TASHA solo funciona con tarjetas NFC (HA02221)<\/p>\n","protected":false},"excerpt":{"rendered":"<p>Insertador de credenciales TASHA con tecnolog\u00eda NFC, alimentaci\u00f3n 12V DC, conexi\u00f3n BUS RS485, 2 entradas, 1 salida NO 5A 250V~. Incluye soporte PIXIA de 3 m\u00f3dulos, PIXIA color negro Blackboard, para completar con placa PIXIA de 3 m\u00f3dulos. TASHA solo funciona con tarjetas NFC (HA02221)<\/p>\n","protected":false},"featured_media":0,"template":"","meta":{"_acf_changed":false},"product_brand":[],"product_cat":[22733,22952],"product_tag":[18985,18861,22904],"class_list":{"0":"post-136118","1":"product","2":"type-product","3":"status-publish","5":"product_cat-q4h-dispositivos-una-automation-es","6":"product_cat-haq4-q4h-dispositivos-pixia-negro-una-es","7":"product_tag-45-componentes-una-para-serie-civil-es","8":"product_tag-7-control-de-acceso-es","9":"product_tag-47-s-rie-civile-modulaire-pixia-es","10":"description-off","12":"first","13":"instock","14":"shipping-taxable","15":"product-type-simple"},"acf":[],"jetpack_sharing_enabled":true,"_links":{"self":[{"href":"https:\/\/staging.master.it\/es\/wp-json\/wp\/v2\/product\/136118","targetHints":{"allow":["GET"]}}],"collection":[{"href":"https:\/\/staging.master.it\/es\/wp-json\/wp\/v2\/product"}],"about":[{"href":"https:\/\/staging.master.it\/es\/wp-json\/wp\/v2\/types\/product"}],"wp:attachment":[{"href":"https:\/\/staging.master.it\/es\/wp-json\/wp\/v2\/media?parent=136118"}],"wp:term":[{"taxonomy":"product_brand","embeddable":true,"href":"https:\/\/staging.master.it\/es\/wp-json\/wp\/v2\/product_brand?post=136118"},{"taxonomy":"product_cat","embeddable":true,"href":"https:\/\/staging.master.it\/es\/wp-json\/wp\/v2\/product_cat?post=136118"},{"taxonomy":"product_tag","embeddable":true,"href":"https:\/\/staging.master.it\/es\/wp-json\/wp\/v2\/product_tag?post=136118"}],"curies":[{"name":"wp","href":"https:\/\/api.w.org\/{rel}","templated":true}]}}