{"id":135914,"date":"2024-06-08T00:10:45","date_gmt":"2024-06-07T22:10:45","guid":{"rendered":"https:\/\/staging.master.it\/prodotto\/12722-es\/"},"modified":"2025-08-12T00:02:34","modified_gmt":"2025-08-11T22:02:34","slug":"12722-es","status":"publish","type":"product","link":"https:\/\/staging.master.it\/es\/prodotto\/12722-es\/","title":{"rendered":"PIXIA DIFRA2 control de acceso SAND"},"content":{"rendered":"<p>Dispositivo de Gesti\u00f3n de Accesos DIFRA2 con tecnolog\u00eda NFC, alimentaci\u00f3n 12V DC, conexi\u00f3n BUS RS485, 2 entradas, 1 salida NO 5A 250V~. 2 m\u00f3dulos, PIXIA gris LIGHT SAND. DIFRA2 funciona solo con tarjetas NFC (HA02221)<\/p>\n","protected":false},"excerpt":{"rendered":"<p>Dispositivo de Gesti\u00f3n de Accesos DIFRA2 con tecnolog\u00eda NFC, alimentaci\u00f3n 12V DC, conexi\u00f3n BUS RS485, 2 entradas, 1 salida NO 5A 250V~. 2 m\u00f3dulos, PIXIA gris LIGHT SAND. DIFRA2 funciona solo con tarjetas NFC (HA02221)<\/p>\n","protected":false},"featured_media":0,"template":"","meta":{"_acf_changed":false},"product_brand":[],"product_cat":[22765,22948],"product_tag":[18985,18861,22904],"class_list":{"0":"post-135914","1":"product","2":"type-product","3":"status-publish","5":"product_cat-q2h-dispositivos-una-automation-es","6":"product_cat-haq2-q2h-dispositivos-pixia-gris-una-es","7":"product_tag-45-componentes-una-para-serie-civil-es","8":"product_tag-7-control-de-acceso-es","9":"product_tag-47-s-rie-civile-modulaire-pixia-es","10":"description-off","12":"first","13":"instock","14":"shipping-taxable","15":"product-type-simple"},"acf":[],"jetpack_sharing_enabled":true,"_links":{"self":[{"href":"https:\/\/staging.master.it\/es\/wp-json\/wp\/v2\/product\/135914","targetHints":{"allow":["GET"]}}],"collection":[{"href":"https:\/\/staging.master.it\/es\/wp-json\/wp\/v2\/product"}],"about":[{"href":"https:\/\/staging.master.it\/es\/wp-json\/wp\/v2\/types\/product"}],"wp:attachment":[{"href":"https:\/\/staging.master.it\/es\/wp-json\/wp\/v2\/media?parent=135914"}],"wp:term":[{"taxonomy":"product_brand","embeddable":true,"href":"https:\/\/staging.master.it\/es\/wp-json\/wp\/v2\/product_brand?post=135914"},{"taxonomy":"product_cat","embeddable":true,"href":"https:\/\/staging.master.it\/es\/wp-json\/wp\/v2\/product_cat?post=135914"},{"taxonomy":"product_tag","embeddable":true,"href":"https:\/\/staging.master.it\/es\/wp-json\/wp\/v2\/product_tag?post=135914"}],"curies":[{"name":"wp","href":"https:\/\/api.w.org\/{rel}","templated":true}]}}