{"id":135906,"date":"2024-06-08T00:10:44","date_gmt":"2024-06-07T22:10:44","guid":{"rendered":"https:\/\/staging.master.it\/prodotto\/12706-es\/"},"modified":"2025-08-12T00:02:27","modified_gmt":"2025-08-11T22:02:27","slug":"12706-es","status":"publish","type":"product","link":"https:\/\/staging.master.it\/es\/prodotto\/12706-es\/","title":{"rendered":"PIXIA Pulsador doble no molestar SAND"},"content":{"rendered":"<p>Pulsador doble 5\/24V 10mA con retroiluminaci\u00f3n LED azul (alimentado por 12V DC) y S\u00edmbolos y Textos DO NOT DISTURB y MAKE UP ROOM para Uso Hotelero, 1 m\u00f3dulo PIXIA gris LIGHT SAND<\/p>\n","protected":false},"excerpt":{"rendered":"<p>Pulsador doble 5\/24V 10mA con retroiluminaci\u00f3n LED azul (alimentado por 12V DC) y S\u00edmbolos y Textos DO NOT DISTURB y MAKE UP ROOM para Uso Hotelero, 1 m\u00f3dulo PIXIA gris LIGHT SAND<\/p>\n","protected":false},"featured_media":0,"template":"","meta":{"_acf_changed":false},"product_brand":[],"product_cat":[22765,22948],"product_tag":[18985,22904],"class_list":{"0":"post-135906","1":"product","2":"type-product","3":"status-publish","5":"product_cat-q2h-dispositivos-una-automation-es","6":"product_cat-haq2-q2h-dispositivos-pixia-gris-una-es","7":"product_tag-45-componentes-una-para-serie-civil-es","8":"product_tag-47-s-rie-civile-modulaire-pixia-es","9":"description-off","11":"first","12":"instock","13":"shipping-taxable","14":"product-type-simple"},"acf":[],"jetpack_sharing_enabled":true,"_links":{"self":[{"href":"https:\/\/staging.master.it\/es\/wp-json\/wp\/v2\/product\/135906","targetHints":{"allow":["GET"]}}],"collection":[{"href":"https:\/\/staging.master.it\/es\/wp-json\/wp\/v2\/product"}],"about":[{"href":"https:\/\/staging.master.it\/es\/wp-json\/wp\/v2\/types\/product"}],"wp:attachment":[{"href":"https:\/\/staging.master.it\/es\/wp-json\/wp\/v2\/media?parent=135906"}],"wp:term":[{"taxonomy":"product_brand","embeddable":true,"href":"https:\/\/staging.master.it\/es\/wp-json\/wp\/v2\/product_brand?post=135906"},{"taxonomy":"product_cat","embeddable":true,"href":"https:\/\/staging.master.it\/es\/wp-json\/wp\/v2\/product_cat?post=135906"},{"taxonomy":"product_tag","embeddable":true,"href":"https:\/\/staging.master.it\/es\/wp-json\/wp\/v2\/product_tag?post=135906"}],"curies":[{"name":"wp","href":"https:\/\/api.w.org\/{rel}","templated":true}]}}