{"id":135266,"date":"2024-06-08T00:05:07","date_gmt":"2024-06-07T22:05:07","guid":{"rendered":"https:\/\/staging.master.it\/prodotto\/11462-es\/"},"modified":"2025-08-12T00:22:49","modified_gmt":"2025-08-11T22:22:49","slug":"11462-es","status":"publish","type":"product","link":"https:\/\/staging.master.it\/es\/prodotto\/11462-es\/","title":{"rendered":"PIXIA Lamp.Emer.230V 120&#8242; 16cd BLANCO"},"content":{"rendered":"<p>L\u00e1mpara de emergencia extra\u00edble 2 m\u00f3dulos, 120&#8242;, 16cd, 230V, Bater\u00eda de iones de litio (LIB), color blanco SNOW WHITE<\/p>\n","protected":false},"excerpt":{"rendered":"<p>L\u00e1mpara de emergencia extra\u00edble 2 m\u00f3dulos, 120&#8242;, 16cd, 230V, Bater\u00eda de iones de litio (LIB), color blanco SNOW WHITE<\/p>\n","protected":false},"featured_media":0,"template":"","meta":{"_acf_changed":false},"product_brand":[],"product_cat":[22801],"product_tag":[22904],"class_list":{"0":"post-135266","1":"product","2":"type-product","3":"status-publish","5":"product_cat-q1l-dispositivos-de-se-alizaci-n-es","6":"product_tag-47-s-rie-civile-modulaire-pixia-es","7":"description-off","9":"first","10":"instock","11":"shipping-taxable","12":"product-type-simple"},"acf":[],"jetpack_sharing_enabled":true,"_links":{"self":[{"href":"https:\/\/staging.master.it\/es\/wp-json\/wp\/v2\/product\/135266","targetHints":{"allow":["GET"]}}],"collection":[{"href":"https:\/\/staging.master.it\/es\/wp-json\/wp\/v2\/product"}],"about":[{"href":"https:\/\/staging.master.it\/es\/wp-json\/wp\/v2\/types\/product"}],"wp:attachment":[{"href":"https:\/\/staging.master.it\/es\/wp-json\/wp\/v2\/media?parent=135266"}],"wp:term":[{"taxonomy":"product_brand","embeddable":true,"href":"https:\/\/staging.master.it\/es\/wp-json\/wp\/v2\/product_brand?post=135266"},{"taxonomy":"product_cat","embeddable":true,"href":"https:\/\/staging.master.it\/es\/wp-json\/wp\/v2\/product_cat?post=135266"},{"taxonomy":"product_tag","embeddable":true,"href":"https:\/\/staging.master.it\/es\/wp-json\/wp\/v2\/product_tag?post=135266"}],"curies":[{"name":"wp","href":"https:\/\/api.w.org\/{rel}","templated":true}]}}