{"id":132018,"date":"2023-04-01T00:08:57","date_gmt":"2023-03-31T22:08:57","guid":{"rendered":"https:\/\/staging.master.it\/prodotto\/00458-a-es\/"},"modified":"2024-08-09T00:11:01","modified_gmt":"2024-08-08T22:11:01","slug":"00458-a-es","status":"publish","type":"product","link":"https:\/\/staging.master.it\/es\/prodotto\/00458-a-es\/","title":{"rendered":"Caja POP-UP 6 M\u00f3dulos Aluminio con fondo"},"content":{"rendered":"<p>Caja met\u00e1lica pop-up de sobremesa para dispositivos MODO\/MIX\/STEEL (2+2+2 m\u00f3dulos). Color aluminio. Saliente de 3 mm de la superficie. Apertura con bot\u00f3n a presi\u00f3n y cierre a presi\u00f3n. Con fondo de pl\u00e1stico y tornillos de fijaci\u00f3n.<\/p>\n","protected":false},"excerpt":{"rendered":"<p>Caja met\u00e1lica pop-up de sobremesa para dispositivos MODO\/MIX\/STEEL (2+2+2 m\u00f3dulos). Color aluminio. Saliente de 3 mm de la superficie. Apertura con bot\u00f3n a presi\u00f3n y cierre a presi\u00f3n. Con fondo de pl\u00e1stico y tornillos de fijaci\u00f3n.<\/p>\n","protected":false},"featured_media":0,"template":"","meta":{"_acf_changed":false},"product_brand":[],"product_cat":[20798],"product_tag":[],"class_list":{"0":"post-132018","1":"product","2":"type-product","3":"status-publish","5":"product_cat-bp-de-suelo-es","6":"description-off","8":"first","9":"instock","10":"shipping-taxable","11":"product-type-simple"},"acf":[],"jetpack_sharing_enabled":true,"_links":{"self":[{"href":"https:\/\/staging.master.it\/es\/wp-json\/wp\/v2\/product\/132018","targetHints":{"allow":["GET"]}}],"collection":[{"href":"https:\/\/staging.master.it\/es\/wp-json\/wp\/v2\/product"}],"about":[{"href":"https:\/\/staging.master.it\/es\/wp-json\/wp\/v2\/types\/product"}],"wp:attachment":[{"href":"https:\/\/staging.master.it\/es\/wp-json\/wp\/v2\/media?parent=132018"}],"wp:term":[{"taxonomy":"product_brand","embeddable":true,"href":"https:\/\/staging.master.it\/es\/wp-json\/wp\/v2\/product_brand?post=132018"},{"taxonomy":"product_cat","embeddable":true,"href":"https:\/\/staging.master.it\/es\/wp-json\/wp\/v2\/product_cat?post=132018"},{"taxonomy":"product_tag","embeddable":true,"href":"https:\/\/staging.master.it\/es\/wp-json\/wp\/v2\/product_tag?post=132018"}],"curies":[{"name":"wp","href":"https:\/\/api.w.org\/{rel}","templated":true}]}}