{"id":131676,"date":"2023-02-07T11:30:27","date_gmt":"2023-02-07T10:30:27","guid":{"rendered":"https:\/\/staging.master.it\/prodotto\/hkitz520h-es\/"},"modified":"2025-08-12T00:05:40","modified_gmt":"2025-08-11T22:05:40","slug":"hkitz520h-es","status":"publish","type":"product","link":"https:\/\/staging.master.it\/es\/prodotto\/hkitz520h-es\/","title":{"rendered":"Kit Z-Wave 2 persianas+10 lineas ON\/OFF"},"content":{"rendered":"<p>Kit Z-Wave+ Zoe 5+2 con Vesta2-ZW, 5x ZoePower para un total de 10 l\u00edneas de actuaci\u00f3n ON\/OFF (automatismos, enchufes, luces) y 2x ZoeShutters para un total de 2 persianas enrollables (arriba\/abajo). Frecuencia 921,4MHz (Australia, Nueva Zelanda, Rep\u00fablica Dominicana, Venezuela&#8230;). Contiene fuente de alimentaci\u00f3n de 12Vdc 2A y cup\u00f3n para la activaci\u00f3n gratuita de los comandos de voz de Google\/Alexa. Ampliable en cualquier momento con el resto de componentes del sistema UNA Automation, tanto Z-Wave+ como BUS.<\/p>\n","protected":false},"excerpt":{"rendered":"<p>Kit Z-Wave+ Zoe 5+2 con Vesta2-ZW, 5x ZoePower para un total de 10 l\u00edneas de actuaci\u00f3n ON\/OFF (automatismos, enchufes, luces) y 2x ZoeShutters para un total de 2 persianas enrollables (arriba\/abajo). Frecuencia 921,4MHz (Australia, Nueva Zelanda, Rep\u00fablica Dominicana, Venezuela&#8230;). Contiene fuente de alimentaci\u00f3n de 12Vdc 2A y cup\u00f3n para la activaci\u00f3n gratuita de los comandos&hellip;<\/p>\n","protected":false},"featured_media":0,"template":"","meta":{"_acf_changed":false},"product_brand":[],"product_cat":[20906],"product_tag":[18813,18817],"class_list":{"0":"post-131676","1":"product","2":"type-product","3":"status-publish","5":"product_cat-hsk-kit-listo-para-instalar-es","6":"product_tag-2-automatizaci-n-del-hogar-es","7":"product_tag-3-casa-inteligente-es","8":"description-off","10":"first","11":"instock","12":"shipping-taxable","13":"product-type-simple"},"acf":[],"jetpack_sharing_enabled":true,"_links":{"self":[{"href":"https:\/\/staging.master.it\/es\/wp-json\/wp\/v2\/product\/131676","targetHints":{"allow":["GET"]}}],"collection":[{"href":"https:\/\/staging.master.it\/es\/wp-json\/wp\/v2\/product"}],"about":[{"href":"https:\/\/staging.master.it\/es\/wp-json\/wp\/v2\/types\/product"}],"wp:attachment":[{"href":"https:\/\/staging.master.it\/es\/wp-json\/wp\/v2\/media?parent=131676"}],"wp:term":[{"taxonomy":"product_brand","embeddable":true,"href":"https:\/\/staging.master.it\/es\/wp-json\/wp\/v2\/product_brand?post=131676"},{"taxonomy":"product_cat","embeddable":true,"href":"https:\/\/staging.master.it\/es\/wp-json\/wp\/v2\/product_cat?post=131676"},{"taxonomy":"product_tag","embeddable":true,"href":"https:\/\/staging.master.it\/es\/wp-json\/wp\/v2\/product_tag?post=131676"}],"curies":[{"name":"wp","href":"https:\/\/api.w.org\/{rel}","templated":true}]}}