{"id":131672,"date":"2023-02-07T11:30:24","date_gmt":"2023-02-07T10:30:24","guid":{"rendered":"https:\/\/staging.master.it\/prodotto\/hkitz527h-es\/"},"modified":"2025-08-12T00:06:52","modified_gmt":"2025-08-11T22:06:52","slug":"hkitz527h-es","status":"publish","type":"product","link":"https:\/\/staging.master.it\/es\/prodotto\/hkitz527h-es\/","title":{"rendered":"Kit Z-Wave 10l\u00edneas on\/off+2persian+Mim\u00ec"},"content":{"rendered":"<p>Kit Z-Wave+ Zoe 5+2 con Vesta2-ZW, 5 ZoePower para un total de 10 l\u00edneas de actuaci\u00f3n ON\/OFF (automatismos, enchufes, luces), 2 ZoeShutters para un total de 2 persianas enrollables (arriba\/abajo) y pantalla de control t\u00e1ctil Mim\u00ec de 7&#8243;. Frecuencia 921.4MHz (Australia, Nueva Zelanda, Rep\u00fablica Dominicana, Venezuela&#8230;). Contiene alimentador 12Vdc 2A y cup\u00f3n para activaci\u00f3n gratuita de comandos de voz de Google\/Alexa.Ampliable en cualquier momento con el resto de componentes del sistema UNA Automation, tanto Z-Wave+ como BUS.<\/p>\n","protected":false},"excerpt":{"rendered":"<p>Kit Z-Wave+ Zoe 5+2 con Vesta2-ZW, 5 ZoePower para un total de 10 l\u00edneas de actuaci\u00f3n ON\/OFF (automatismos, enchufes, luces), 2 ZoeShutters para un total de 2 persianas enrollables (arriba\/abajo) y pantalla de control t\u00e1ctil Mim\u00ec de 7&#8243;. Frecuencia 921.4MHz (Australia, Nueva Zelanda, Rep\u00fablica Dominicana, Venezuela&#8230;). Contiene alimentador 12Vdc 2A y cup\u00f3n para activaci\u00f3n gratuita&hellip;<\/p>\n","protected":false},"featured_media":0,"template":"","meta":{"_acf_changed":false},"product_brand":[],"product_cat":[20906],"product_tag":[18813,18817],"class_list":{"0":"post-131672","1":"product","2":"type-product","3":"status-publish","5":"product_cat-hsk-kit-listo-para-instalar-es","6":"product_tag-2-automatizaci-n-del-hogar-es","7":"product_tag-3-casa-inteligente-es","8":"description-off","10":"first","11":"instock","12":"shipping-taxable","13":"product-type-simple"},"acf":[],"jetpack_sharing_enabled":true,"_links":{"self":[{"href":"https:\/\/staging.master.it\/es\/wp-json\/wp\/v2\/product\/131672","targetHints":{"allow":["GET"]}}],"collection":[{"href":"https:\/\/staging.master.it\/es\/wp-json\/wp\/v2\/product"}],"about":[{"href":"https:\/\/staging.master.it\/es\/wp-json\/wp\/v2\/types\/product"}],"wp:attachment":[{"href":"https:\/\/staging.master.it\/es\/wp-json\/wp\/v2\/media?parent=131672"}],"wp:term":[{"taxonomy":"product_brand","embeddable":true,"href":"https:\/\/staging.master.it\/es\/wp-json\/wp\/v2\/product_brand?post=131672"},{"taxonomy":"product_cat","embeddable":true,"href":"https:\/\/staging.master.it\/es\/wp-json\/wp\/v2\/product_cat?post=131672"},{"taxonomy":"product_tag","embeddable":true,"href":"https:\/\/staging.master.it\/es\/wp-json\/wp\/v2\/product_tag?post=131672"}],"curies":[{"name":"wp","href":"https:\/\/api.w.org\/{rel}","templated":true}]}}