{"id":114666,"date":"2022-12-01T17:06:41","date_gmt":"2022-12-01T16:06:41","guid":{"rendered":"https:\/\/staging.master.it\/prodotto\/36277-14-es\/"},"modified":"2024-07-06T00:23:01","modified_gmt":"2024-07-05T22:23:01","slug":"36277-14-es","status":"publish","type":"product","link":"https:\/\/staging.master.it\/es\/prodotto\/36277-14-es\/","title":{"rendered":"MODO blanco Pr.CoaxIEC M\/H Pasante dB14"},"content":{"rendered":"<p>Toma coaxial doble demixed TV\/SAT, pasante, conector IEC macho \u00f8 9.5 mm y conector F hembra, atenuaci\u00f3n 14dB, 1 m\u00f3dulo, MODO blanco<\/p>\n","protected":false},"excerpt":{"rendered":"<p>Toma coaxial doble demixed TV\/SAT, pasante, conector IEC macho \u00f8 9.5 mm y conector F hembra, atenuaci\u00f3n 14dB, 1 m\u00f3dulo, MODO blanco<\/p>\n","protected":false},"featured_media":0,"template":"","meta":{"_acf_changed":false},"product_brand":[],"product_cat":[22262],"product_tag":[18961,22916],"class_list":{"0":"post-114666","1":"product","2":"type-product","3":"status-publish","5":"product_cat-nat-para-tv-y-sat-es","6":"product_tag-39-producto-destacado-modo-es","7":"product_tag-49-sistema-modo-mix-es","8":"description-off","10":"first","11":"instock","12":"shipping-taxable","13":"product-type-simple"},"acf":[],"jetpack_sharing_enabled":true,"_links":{"self":[{"href":"https:\/\/staging.master.it\/es\/wp-json\/wp\/v2\/product\/114666","targetHints":{"allow":["GET"]}}],"collection":[{"href":"https:\/\/staging.master.it\/es\/wp-json\/wp\/v2\/product"}],"about":[{"href":"https:\/\/staging.master.it\/es\/wp-json\/wp\/v2\/types\/product"}],"wp:attachment":[{"href":"https:\/\/staging.master.it\/es\/wp-json\/wp\/v2\/media?parent=114666"}],"wp:term":[{"taxonomy":"product_brand","embeddable":true,"href":"https:\/\/staging.master.it\/es\/wp-json\/wp\/v2\/product_brand?post=114666"},{"taxonomy":"product_cat","embeddable":true,"href":"https:\/\/staging.master.it\/es\/wp-json\/wp\/v2\/product_cat?post=114666"},{"taxonomy":"product_tag","embeddable":true,"href":"https:\/\/staging.master.it\/es\/wp-json\/wp\/v2\/product_tag?post=114666"}],"curies":[{"name":"wp","href":"https:\/\/api.w.org\/{rel}","templated":true}]}}